{"id":29,"date":"2012-03-03T20:37:44","date_gmt":"2012-03-03T19:37:44","guid":{"rendered":"http:\/\/wordpress.team-altenholz.de\/?page_id=29"},"modified":"2023-09-07T21:24:08","modified_gmt":"2023-09-07T20:24:08","slug":"vorstand","status":"publish","type":"page","link":"https:\/\/wordpress.team-altenholz.de\/?page_id=29","title":{"rendered":"Vorstand"},"content":{"rendered":"\n<p><\/p>\n\n\n\n<div class=\"wp-block-media-text is-stacked-on-mobile\" style=\"grid-template-columns:21% auto\"><figure class=\"wp-block-media-text__media\"><img loading=\"lazy\" decoding=\"async\" width=\"160\" height=\"205\" src=\"https:\/\/wordpress.team-altenholz.de\/wp-content\/uploads\/2012\/03\/weiss1.jpg\" alt=\"\" class=\"wp-image-71 size-full\"\/><\/figure><div class=\"wp-block-media-text__content\">\n<h4 class=\"wp-block-heading\">Wolfgang Wei\u00df<\/h4>\n\n\n\n<p>Vorsitzender und Abteilungsleiter<\/p>\n<\/div><\/div>\n\n\n\n<div class=\"wp-block-media-text is-stacked-on-mobile\" style=\"grid-template-columns:21% auto\"><figure class=\"wp-block-media-text__media\"><img loading=\"lazy\" decoding=\"async\" width=\"233\" height=\"300\" src=\"https:\/\/wordpress.team-altenholz.de\/wp-content\/uploads\/2023\/09\/luebke.jpg\" alt=\"\" class=\"wp-image-3265 size-full\"\/><\/figure><div class=\"wp-block-media-text__content\">\n<h4 class=\"wp-block-heading\">Stephan L\u00fcbke<\/h4>\n\n\n\n<p>Stellv. Vorsitzender<\/p>\n<\/div><\/div>\n\n\n\n<div class=\"wp-block-media-text is-stacked-on-mobile\" style=\"grid-template-columns:21% auto\"><figure class=\"wp-block-media-text__media\"><img loading=\"lazy\" decoding=\"async\" width=\"200\" height=\"300\" src=\"https:\/\/wordpress.team-altenholz.de\/wp-content\/uploads\/2023\/09\/leeresPortrait.jpg\" alt=\"\" class=\"wp-image-3247 size-full\"\/><\/figure><div class=\"wp-block-media-text__content\">\n<h4 class=\"wp-block-heading\">Karin Pilz<\/h4>\n\n\n\n<p>Kassenwartin<\/p>\n<\/div><\/div>\n\n\n\n<div class=\"wp-block-media-text is-stacked-on-mobile\" style=\"grid-template-columns:21% auto\"><figure class=\"wp-block-media-text__media\"><img loading=\"lazy\" decoding=\"async\" width=\"160\" height=\"205\" src=\"https:\/\/wordpress.team-altenholz.de\/wp-content\/uploads\/2018\/01\/silviafoeh.jpg\" alt=\"\" class=\"wp-image-2688 size-full\"\/><\/figure><div class=\"wp-block-media-text__content\">\n<h4 class=\"wp-block-heading\"><span style=\"color: #000000;\"><span style=\"color: #000000;\">Silvia F\u00f6h<\/span><\/span><\/h4>\n\n\n\n<p>Sportwartin<\/p>\n<\/div><\/div>\n\n\n\n<div class=\"wp-block-media-text is-stacked-on-mobile\" style=\"grid-template-columns:21% auto\"><figure class=\"wp-block-media-text__media\"><img loading=\"lazy\" decoding=\"async\" width=\"233\" height=\"300\" src=\"https:\/\/wordpress.team-altenholz.de\/wp-content\/uploads\/2023\/09\/luebke.jpg\" alt=\"\" class=\"wp-image-3265 size-full\"\/><\/figure><div class=\"wp-block-media-text__content\">\n<h4 class=\"wp-block-heading\">Stephan L\u00fcbke<\/h4>\n\n\n\n<p>Pressewart<\/p>\n<\/div><\/div>\n\n\n\n<p><span style=\"color: #000000;\"><span style=\"color: #000000;\">\u00a0<\/span><\/span><\/p>\n\n\n\n<p>\u00a0<\/p>\n\n\n\n<p><\/p>\n","protected":false},"excerpt":{"rendered":"<p>Wolfgang Wei\u00df Vorsitzender und Abteilungsleiter Stephan L\u00fcbke Stellv. Vorsitzender Karin Pilz Kassenwartin Silvia F\u00f6h Sportwartin Stephan L\u00fcbke Pressewart \u00a0 \u00a0<\/p>\n","protected":false},"author":1,"featured_media":0,"parent":22,"menu_order":10,"comment_status":"open","ping_status":"open","template":"","meta":{"footnotes":""},"class_list":["post-29","page","type-page","status-publish","hentry","nodate","item-wrap"],"_links":{"self":[{"href":"https:\/\/wordpress.team-altenholz.de\/index.php?rest_route=\/wp\/v2\/pages\/29","targetHints":{"allow":["GET"]}}],"collection":[{"href":"https:\/\/wordpress.team-altenholz.de\/index.php?rest_route=\/wp\/v2\/pages"}],"about":[{"href":"https:\/\/wordpress.team-altenholz.de\/index.php?rest_route=\/wp\/v2\/types\/page"}],"author":[{"embeddable":true,"href":"https:\/\/wordpress.team-altenholz.de\/index.php?rest_route=\/wp\/v2\/users\/1"}],"replies":[{"embeddable":true,"href":"https:\/\/wordpress.team-altenholz.de\/index.php?rest_route=%2Fwp%2Fv2%2Fcomments&post=29"}],"version-history":[{"count":24,"href":"https:\/\/wordpress.team-altenholz.de\/index.php?rest_route=\/wp\/v2\/pages\/29\/revisions"}],"predecessor-version":[{"id":3266,"href":"https:\/\/wordpress.team-altenholz.de\/index.php?rest_route=\/wp\/v2\/pages\/29\/revisions\/3266"}],"up":[{"embeddable":true,"href":"https:\/\/wordpress.team-altenholz.de\/index.php?rest_route=\/wp\/v2\/pages\/22"}],"wp:attachment":[{"href":"https:\/\/wordpress.team-altenholz.de\/index.php?rest_route=%2Fwp%2Fv2%2Fmedia&parent=29"}],"curies":[{"name":"wp","href":"https:\/\/api.w.org\/{rel}","templated":true}]}}