{"id":345,"date":"2012-04-02T10:35:41","date_gmt":"2012-04-02T09:35:41","guid":{"rendered":"http:\/\/wordpress.team-altenholz.de\/?page_id=345"},"modified":"2024-02-08T21:58:23","modified_gmt":"2024-02-08T20:58:23","slug":"hipphopp","status":"publish","type":"page","link":"https:\/\/wordpress.team-altenholz.de\/?page_id=345","title":{"rendered":"Hip-Hop"},"content":{"rendered":"<p>f\u00fcr Kinder und Jugendliche.<\/p>\n<p><strong>Dienstags 17.00 \u2013 18.00 Uhr <\/strong><br \/>6 bis 9 Jahre (Anf\u00e4nger*innen)<\/p>\n<p><strong>Dienstags 18.00 \u2013 19.00 Uhr <\/strong><br \/>ab 10 Jahre (Fortgeschrittene)<\/p>\n<p><strong>im Gemeindezentrum Altenholz.<\/strong><\/p>\n<p>V\u00f6llig unbelastet von den verschiedenen Formen des sportlichen Tanzes wird den Kids spielerisch das Gef\u00fchl f\u00fcr Musik , Takt und Rhythmus vermittelt.<\/p>\n<p>Bei unseren \u00dcberungsleiterinnen <strong>Leni Winderlich<\/strong> und <strong>Lilith Jacobsen<\/strong> lernt ihr die n\u00f6tigen Schritte und den Rhythmus zu schnellen Beats.<\/p>\n<p>Schaut doch einmal bei uns vorbei <br \/>oder meldet euch f\u00fcr ein <strong>Probetraining<\/strong> bei Leni (Tel. -Nr. 0176-10 86 77 12) oder <br \/>Lilith (Tel. -Nr. 01573-1 11 15 54).<\/p>\n<p>Tanzen macht auch euch Spa\u00df!<\/p>\n\n\n<figure class=\"wp-block-image size-large\"><a href=\"https:\/\/wordpress.team-altenholz.de\/wp-content\/uploads\/2022\/04\/freePIK7021150_hiphopkids.jpg\"><img loading=\"lazy\" decoding=\"async\" width=\"980\" height=\"649\" src=\"https:\/\/wordpress.team-altenholz.de\/wp-content\/uploads\/2022\/04\/freePIK7021150_hiphopkids.jpg\" alt=\"\" class=\"wp-image-3135\" srcset=\"https:\/\/wordpress.team-altenholz.de\/wp-content\/uploads\/2022\/04\/freePIK7021150_hiphopkids.jpg 980w, https:\/\/wordpress.team-altenholz.de\/wp-content\/uploads\/2022\/04\/freePIK7021150_hiphopkids-300x199.jpg 300w, https:\/\/wordpress.team-altenholz.de\/wp-content\/uploads\/2022\/04\/freePIK7021150_hiphopkids-768x509.jpg 768w\" sizes=\"auto, (max-width: 980px) 100vw, 980px\" \/><\/a><figcaption class=\"wp-element-caption\">Kinder posieren beim Hip-Hop<\/figcaption><\/figure>\n","protected":false},"excerpt":{"rendered":"<p>f\u00fcr Kinder und Jugendliche. Dienstags 17.00 \u2013 18.00 Uhr 6 bis 9 Jahre (Anf\u00e4nger*innen) Dienstags 18.00 \u2013 19.00 Uhr ab 10 Jahre (Fortgeschrittene) im Gemeindezentrum Altenholz. V\u00f6llig unbelastet von den verschiedenen Formen des sportlichen Tanzes wird den Kids spielerisch das Gef\u00fchl f\u00fcr Musik , Takt und Rhythmus vermittelt. Bei unseren \u00dcberungsleiterinnen Leni Winderlich und Lilith &hellip; <\/p>\n<p><a class=\"more-link btn\" href=\"https:\/\/wordpress.team-altenholz.de\/?page_id=345\">Weiterlesen<\/a><\/p>\n","protected":false},"author":12,"featured_media":0,"parent":0,"menu_order":20,"comment_status":"open","ping_status":"open","template":"","meta":{"footnotes":""},"class_list":["post-345","page","type-page","status-publish","hentry","nodate","item-wrap"],"_links":{"self":[{"href":"https:\/\/wordpress.team-altenholz.de\/index.php?rest_route=\/wp\/v2\/pages\/345","targetHints":{"allow":["GET"]}}],"collection":[{"href":"https:\/\/wordpress.team-altenholz.de\/index.php?rest_route=\/wp\/v2\/pages"}],"about":[{"href":"https:\/\/wordpress.team-altenholz.de\/index.php?rest_route=\/wp\/v2\/types\/page"}],"author":[{"embeddable":true,"href":"https:\/\/wordpress.team-altenholz.de\/index.php?rest_route=\/wp\/v2\/users\/12"}],"replies":[{"embeddable":true,"href":"https:\/\/wordpress.team-altenholz.de\/index.php?rest_route=%2Fwp%2Fv2%2Fcomments&post=345"}],"version-history":[{"count":26,"href":"https:\/\/wordpress.team-altenholz.de\/index.php?rest_route=\/wp\/v2\/pages\/345\/revisions"}],"predecessor-version":[{"id":3316,"href":"https:\/\/wordpress.team-altenholz.de\/index.php?rest_route=\/wp\/v2\/pages\/345\/revisions\/3316"}],"wp:attachment":[{"href":"https:\/\/wordpress.team-altenholz.de\/index.php?rest_route=%2Fwp%2Fv2%2Fmedia&parent=345"}],"curies":[{"name":"wp","href":"https:\/\/api.w.org\/{rel}","templated":true}]}}