{"id":37,"date":"2012-03-03T20:40:14","date_gmt":"2012-03-03T19:40:14","guid":{"rendered":"http:\/\/wordpress.team-altenholz.de\/?page_id=37"},"modified":"2021-10-22T20:36:08","modified_gmt":"2021-10-22T19:36:08","slug":"tanzkreise-2","status":"publish","type":"page","link":"https:\/\/wordpress.team-altenholz.de\/?page_id=37","title":{"rendered":"Tanzkreise"},"content":{"rendered":"<p><strong>Tanzen im TEAM Altenholz \u2013 in den Tanzkreisen<\/strong><\/p>\n<p>Fast jeder hat einmal in seinem Leben eine Tanzschule besucht und nach den manchmal qualvollen Anf\u00e4ngerkursen vielleicht Spa\u00df am Tanzen bekommen. Mit Beendigung der F-, der Gold- und Silberkurse musste man sich so langsam entscheiden \u2013 entweder Tanzsport mit viel Training oder man bleibt in den bald langweilig werdenden Tanzkursen der Tanzschulen stecken, aus denen man sich dann irgendwann entt\u00e4uscht verabschiedet, weil es nichts Neues gibt.<\/p>\n<p>Irgendwann laufen dann die beruflichen Bahnen in einem ruhigeren Fahrwasser und auch die Kinder sind aus dem Gr\u00f6bsten raus. Man hat wieder mehr Zeit f\u00fcr sich und k\u00f6nnte doch eigentlich einmal wieder tanzen gehen. Doch wohin? In die Tanzschule? Wieder von vorne anfangen?<\/p>\n<p>Hier bieten unsere Tanzkreise eine ansprechende Alternative.<\/p>\n<p>Unsere erfahrenen Trainer\/innen bieten neue Tanzfolgen und -schritte auch in Mode- oder anderen aktuellen T\u00e4nzen an. Nat\u00fcrlich steht hier der Spa\u00df an der Bewegung im Vordergrund. Die Abende verlaufen ohne Stress. Wer m\u00f6chte, kann den Abend dann noch gem\u00fctlich in einer gemeinsamen Runde beim Kl\u00f6nen im Gemeindezentrum ausklingen lassen.<br \/>\nGrundkenntnisse in Standard- und Lateint\u00e4nzen sind nicht von Schaden \ud83d\ude09<\/p>\n<p>Lust aufs Tanzen? Dann schnuppern Sie mal in einen unserer Tanzkreise oder auch in allen. Bis zu dreimal k\u00f6nnen Sie die verschiedenen Tanzkreise besuchen, um festzustellen, ob und wo Sie sich hier bei uns wohl f\u00fchlen. Das werden Sie bestimmt. Wir sind eine bunt gemischte Truppe aller Altersklassen und wir freuen uns auf Sie oder Euch.<\/p>\n","protected":false},"excerpt":{"rendered":"<p>Tanzen im TEAM Altenholz \u2013 in den Tanzkreisen Fast jeder hat einmal in seinem Leben eine Tanzschule besucht und nach den manchmal qualvollen Anf\u00e4ngerkursen vielleicht Spa\u00df am Tanzen bekommen. Mit Beendigung der F-, der Gold- und Silberkurse musste man sich so langsam entscheiden \u2013 entweder Tanzsport mit viel Training oder man bleibt in den bald &hellip; <\/p>\n<p><a class=\"more-link btn\" href=\"https:\/\/wordpress.team-altenholz.de\/?page_id=37\">Weiterlesen<\/a><\/p>\n","protected":false},"author":1,"featured_media":0,"parent":355,"menu_order":11,"comment_status":"open","ping_status":"open","template":"","meta":{"footnotes":""},"class_list":["post-37","page","type-page","status-publish","hentry","nodate","item-wrap"],"_links":{"self":[{"href":"https:\/\/wordpress.team-altenholz.de\/index.php?rest_route=\/wp\/v2\/pages\/37","targetHints":{"allow":["GET"]}}],"collection":[{"href":"https:\/\/wordpress.team-altenholz.de\/index.php?rest_route=\/wp\/v2\/pages"}],"about":[{"href":"https:\/\/wordpress.team-altenholz.de\/index.php?rest_route=\/wp\/v2\/types\/page"}],"author":[{"embeddable":true,"href":"https:\/\/wordpress.team-altenholz.de\/index.php?rest_route=\/wp\/v2\/users\/1"}],"replies":[{"embeddable":true,"href":"https:\/\/wordpress.team-altenholz.de\/index.php?rest_route=%2Fwp%2Fv2%2Fcomments&post=37"}],"version-history":[{"count":5,"href":"https:\/\/wordpress.team-altenholz.de\/index.php?rest_route=\/wp\/v2\/pages\/37\/revisions"}],"predecessor-version":[{"id":3066,"href":"https:\/\/wordpress.team-altenholz.de\/index.php?rest_route=\/wp\/v2\/pages\/37\/revisions\/3066"}],"up":[{"embeddable":true,"href":"https:\/\/wordpress.team-altenholz.de\/index.php?rest_route=\/wp\/v2\/pages\/355"}],"wp:attachment":[{"href":"https:\/\/wordpress.team-altenholz.de\/index.php?rest_route=%2Fwp%2Fv2%2Fmedia&parent=37"}],"curies":[{"name":"wp","href":"https:\/\/api.w.org\/{rel}","templated":true}]}}