{"id":627,"date":"2012-05-19T16:33:39","date_gmt":"2012-05-19T15:33:39","guid":{"rendered":"http:\/\/wordpress.team-altenholz.de\/?page_id=627"},"modified":"2024-08-31T12:42:19","modified_gmt":"2024-08-31T11:42:19","slug":"mitgliedschaft","status":"publish","type":"page","link":"https:\/\/wordpress.team-altenholz.de\/?page_id=627","title":{"rendered":"Mitgliedschaft"},"content":{"rendered":"\n<p><strong>1. Mitgliedschaft im Hauptverein TSV Altenholz<\/strong><\/p>\n\n\n\n<p><a href=\"https:\/\/tsv-altenholz.com\/mitglied-werden\/\">Mitgliedschaft<\/a><\/p>\n\n\n\n<p><a href=\"https:\/\/tsv-altenholz.com\/wp-content\/uploads\/2020\/01\/TSV-Altenholz-Satzung.pdf\">Satzung<\/a><\/p>\n\n\n\n<p><a href=\"https:\/\/wordpress.team-altenholz.de\/wp-content\/uploads\/2024\/08\/TSV_Altenholz_Beitrittserklaerung.pdf\">Beitrittserkl\u00e4rung TSV Altenholz<\/a><\/p>\n\n\n\n<p><strong>2. Mitgliedschaft in der Tanzsportabteilung TEAM Altenholz<\/strong><\/p>\n\n\n\n<p><a href=\"https:\/\/wordpress.team-altenholz.de\/wp-content\/uploads\/2024\/08\/Beitragsordnung_TEAM_Altenholz_2024-07.pdf\">Beitragsordnung TEAM Altenholz<\/a><\/p>\n\n\n\n<p><a href=\"https:\/\/wordpress.team-altenholz.de\/wp-content\/uploads\/2012\/05\/Gesch\u00e4ftsordnung.pdf\">Gesch\u00e4ftsordnung<\/a><\/p>\n\n\n\n<p><a href=\"https:\/\/wordpress.team-altenholz.de\/wp-content\/uploads\/2024\/08\/Beitrittserklaerung_TEAM_ab_2024-07.pdf\">Beitrittserkl\u00e4rung TEAM Altenholz<\/a><\/p>\n\n\n\n<p><a href=\"https:\/\/wordpress.team-altenholz.de\/wp-content\/uploads\/2024\/08\/Beitrittserklaerung_Gast_in_der_Turniergruppe_ab_2024-07.pdf\">Beitrittserkl\u00e4rung Gast in der Turniergruppe<\/a><\/p>\n","protected":false},"excerpt":{"rendered":"<p>1. Mitgliedschaft im Hauptverein TSV Altenholz Mitgliedschaft Satzung Beitrittserkl\u00e4rung TSV Altenholz 2. Mitgliedschaft in der Tanzsportabteilung TEAM Altenholz Beitragsordnung TEAM Altenholz Gesch\u00e4ftsordnung Beitrittserkl\u00e4rung TEAM Altenholz Beitrittserkl\u00e4rung Gast in der Turniergruppe<\/p>\n","protected":false},"author":4,"featured_media":0,"parent":22,"menu_order":3,"comment_status":"open","ping_status":"open","template":"","meta":{"footnotes":""},"class_list":["post-627","page","type-page","status-publish","hentry","nodate","item-wrap"],"_links":{"self":[{"href":"https:\/\/wordpress.team-altenholz.de\/index.php?rest_route=\/wp\/v2\/pages\/627","targetHints":{"allow":["GET"]}}],"collection":[{"href":"https:\/\/wordpress.team-altenholz.de\/index.php?rest_route=\/wp\/v2\/pages"}],"about":[{"href":"https:\/\/wordpress.team-altenholz.de\/index.php?rest_route=\/wp\/v2\/types\/page"}],"author":[{"embeddable":true,"href":"https:\/\/wordpress.team-altenholz.de\/index.php?rest_route=\/wp\/v2\/users\/4"}],"replies":[{"embeddable":true,"href":"https:\/\/wordpress.team-altenholz.de\/index.php?rest_route=%2Fwp%2Fv2%2Fcomments&post=627"}],"version-history":[{"count":18,"href":"https:\/\/wordpress.team-altenholz.de\/index.php?rest_route=\/wp\/v2\/pages\/627\/revisions"}],"predecessor-version":[{"id":3370,"href":"https:\/\/wordpress.team-altenholz.de\/index.php?rest_route=\/wp\/v2\/pages\/627\/revisions\/3370"}],"up":[{"embeddable":true,"href":"https:\/\/wordpress.team-altenholz.de\/index.php?rest_route=\/wp\/v2\/pages\/22"}],"wp:attachment":[{"href":"https:\/\/wordpress.team-altenholz.de\/index.php?rest_route=%2Fwp%2Fv2%2Fmedia&parent=627"}],"curies":[{"name":"wp","href":"https:\/\/api.w.org\/{rel}","templated":true}]}}